{"id":1097,"date":"2025-09-01T19:12:25","date_gmt":"2025-09-01T19:12:25","guid":{"rendered":"https:\/\/yellowfactorystories.com\/?page_id=1097"},"modified":"2025-09-02T18:50:13","modified_gmt":"2025-09-02T18:50:13","slug":"sk8-4-fun","status":"publish","type":"page","link":"https:\/\/yellowfactorystories.com\/es\/sk8-4-fun\/","title":{"rendered":"Sk8 4 fun"},"content":{"rendered":"<p>[et_pb_section fb_built=&#8221;1&#8243; _builder_version=&#8221;4.27.2&#8243; _module_preset=&#8221;default&#8221; background_color=&#8221;#000000&#8243; custom_padding=&#8221;||183px|||&#8221; global_colors_info=&#8221;{}&#8221;][et_pb_row column_structure=&#8221;1_4,1_4,1_4,1_4&#8243; disabled_on=&#8221;on|on|off&#8221; _builder_version=&#8221;4.27.2&#8243; _module_preset=&#8221;default&#8221; min_height=&#8221;100.3px&#8221; custom_margin=&#8221;-36px|auto||auto||&#8221; custom_padding=&#8221;0px|||||&#8221; locked=&#8221;off&#8221; global_colors_info=&#8221;{}&#8221;][et_pb_column type=&#8221;1_4&#8243; _builder_version=&#8221;4.27.2&#8243; _module_preset=&#8221;default&#8221; global_colors_info=&#8221;{}&#8221;][et_pb_button button_url=&#8221;@ET-DC@eyJkeW5hbWljIjp0cnVlLCJjb250ZW50IjoicG9zdF9saW5rX3VybF9wYWdlIiwic2V0dGluZ3MiOnsicG9zdF9pZCI6IjE4In19@&#8221; button_text=&#8221;\u2b60&#8221; button_alignment=&#8221;left&#8221; _builder_version=&#8221;4.27.2&#8243; _dynamic_attributes=&#8221;button_url&#8221; _module_preset=&#8221;default&#8221; custom_button=&#8221;on&#8221; custom_margin=&#8221;12px|-73px|12px|-73px|true|true&#8221; custom_padding=&#8221;3px|15px|3px|15px|true|true&#8221; global_colors_info=&#8221;{}&#8221;][\/et_pb_button][\/et_pb_column][et_pb_column type=&#8221;1_4&#8243; _builder_version=&#8221;4.27.2&#8243; _module_preset=&#8221;default&#8221; global_colors_info=&#8221;{}&#8221;][et_pb_text _builder_version=&#8221;4.27.2&#8243; _module_preset=&#8221;default&#8221; custom_margin=&#8221;21px|||-284px||&#8221; custom_padding=&#8221;2px|||||&#8221; inline_fonts=&#8221;Lato&#8221; global_colors_info=&#8221;{}&#8221;]<\/p>\n<h2><span style=\"font-family: Lato; font-weight: normal; font-size: large; color: #ffda2a;\">Regresa al cat\u00e1logo<\/span><\/h2>\n<p>[\/et_pb_text][\/et_pb_column][et_pb_column type=&#8221;1_4&#8243; _builder_version=&#8221;4.27.2&#8243; _module_preset=&#8221;default&#8221; global_colors_info=&#8221;{}&#8221;][\/et_pb_column][et_pb_column type=&#8221;1_4&#8243; _builder_version=&#8221;4.27.2&#8243; _module_preset=&#8221;default&#8221; global_colors_info=&#8221;{}&#8221;][\/et_pb_column][\/et_pb_row][et_pb_row disabled_on=&#8221;off|off|on&#8221; _builder_version=&#8221;4.27.2&#8243; _module_preset=&#8221;default&#8221; custom_padding=&#8221;||0px|||&#8221; locked=&#8221;off&#8221; global_colors_info=&#8221;{}&#8221;][et_pb_column type=&#8221;4_4&#8243; _builder_version=&#8221;4.27.2&#8243; _module_preset=&#8221;default&#8221; global_colors_info=&#8221;{}&#8221;][et_pb_button button_url=&#8221;@ET-DC@eyJkeW5hbWljIjp0cnVlLCJjb250ZW50IjoicG9zdF9saW5rX3VybF9wYWdlIiwic2V0dGluZ3MiOnsicG9zdF9pZCI6IjE4In19@&#8221; button_text=&#8221;\u2b60&#8221; button_alignment=&#8221;left&#8221; _builder_version=&#8221;4.27.2&#8243; _dynamic_attributes=&#8221;button_url&#8221; _module_preset=&#8221;default&#8221; custom_button=&#8221;on&#8221; custom_margin=&#8221;12px|1px|12px|1px|true|true&#8221; custom_padding=&#8221;3px|15px|3px|15px|true|true&#8221; global_colors_info=&#8221;{}&#8221;][\/et_pb_button][\/et_pb_column][\/et_pb_row][et_pb_row column_structure=&#8221;1_2,1_2&#8243; _builder_version=&#8221;4.27.2&#8243; _module_preset=&#8221;default&#8221; width=&#8221;85.1%&#8221; custom_padding=&#8221;27px||57px|||&#8221; global_colors_info=&#8221;{}&#8221;][et_pb_column type=&#8221;1_2&#8243; _builder_version=&#8221;4.27.2&#8243; _module_preset=&#8221;default&#8221; global_colors_info=&#8221;{}&#8221;][et_pb_image src=&#8221;http:\/\/yellowfactorystories.com\/wp-content\/uploads\/2025\/09\/Sk84FunPoster.png&#8221; title_text=&#8221;Sk84FunPoster&#8221; _builder_version=&#8221;4.27.2&#8243; _module_preset=&#8221;default&#8221; global_colors_info=&#8221;{}&#8221;][\/et_pb_image][\/et_pb_column][et_pb_column type=&#8221;1_2&#8243; _builder_version=&#8221;4.27.2&#8243; _module_preset=&#8221;default&#8221; global_colors_info=&#8221;{}&#8221;][et_pb_text _builder_version=&#8221;4.27.2&#8243; _module_preset=&#8221;default&#8221; text_font=&#8221;Agrandir light||||||||&#8221; text_text_color=&#8221;#FFFFFF&#8221; text_font_size=&#8221;25px&#8221; header_font=&#8221;Agrandir heavy||||||||&#8221; header_text_color=&#8221;#ffda2a&#8221; header_font_size=&#8221;25px&#8221; header_2_font=&#8221;Agrandir light||||||||&#8221; header_2_text_align=&#8221;justify&#8221; header_2_text_color=&#8221;#FFFFFF&#8221; header_2_font_size=&#8221;25px&#8221; header_2_letter_spacing=&#8221;1px&#8221; header_2_line_height=&#8221;1.3em&#8221; header_3_text_color=&#8221;#FFFFFF&#8221; header_3_font_size=&#8221;25px&#8221; header_4_text_color=&#8221;#FFFFFF&#8221; header_4_font_size=&#8221;25px&#8221; header_4_line_height=&#8221;1.2em&#8221; custom_padding=&#8221;29px||1px|||&#8221; inline_fonts=&#8221;Lato,Agrandir heavy&#8221; global_colors_info=&#8221;{}&#8221;]<\/p>\n<h4><span style=\"font-size: x-large; font-family: 'Agrandir heavy'; font-weight: normal; color: #ffda2a;\"><strong>| SK8 4 FUN|<\/strong><\/span><\/h4>\n<h4><span style=\"font-size: large;\"><strong><\/strong><\/span><\/h4>\n<h2><span style=\"font-family: Lato; font-weight: normal; font-size: medium; color: #ffffff;\"><em>Animation series 8&#215;22\u2013 Colombia\u00a0<\/em><\/span><\/h2>\n<h2><span style=\"font-family: Lato; font-weight: normal; font-size: medium; color: #ffffff;\">Escrita por Yeimy Cardozo<\/span><\/h2>\n<h2><span style=\"font-family: Lato; font-weight: normal; font-size: medium; color: #ffffff;\">Dirigida por Alfredo Guzm\u00e1n<\/span><\/h2>\n<h2><span style=\"font-family: Lato; font-weight: normal; font-size: medium;\">Axel (15) tiene una patineta destartalada, las rodillas y brazos llenos de costras y una obsesi\u00f3n enfermiza por convertirse en pro skater. Cada episodio es un choque entre la realidad: tareas atrasadas, pap\u00e1s gru\u00f1ones que lo quieren en una oficina con corbata y el caos que \u00e9l mismo provoca: escaleras suicidas, barandas imposibles, grafitis ilegales y riffs de guitarra a todo volumen. Con sus amigos igual de desadaptados, Axel se lanza a la jungla urbana donde el pavimento es lava y las ca\u00eddas duelen m\u00e1s que los sermones de Tania y Guillermo, sus padres, que insisten en que \u201cforjarse un futuro\u201d no incluye romperse los dientes contra un bordillo.<\/span><\/h2>\n<h2><span style=\"font-family: Lato; font-weight: normal; font-size: medium;\">\u00bfPodr\u00e1 Axel demostrar que el skate no es vagancia, sino una forma de vida?<\/span><\/h2>\n<h4 style=\"text-align: right;\"><span style=\"font-family: 'Agrandir heavy'; font-weight: normal; color: #f2c029; font-size: large;\"><\/span><\/h4>\n<p><span style=\"font-family: 'Agrandir heavy'; font-weight: normal; color: #f2c029; font-size: large;\"><\/span><\/p>\n<h4 style=\"text-align: right;\"><span style=\"font-family: 'Agrandir heavy'; font-weight: normal; color: #f2c029; font-size: large;\">EN DESAROLLO<\/span><\/h4>\n<h2><\/h2>\n<p><span><\/span><\/p>\n<p>[\/et_pb_text][\/et_pb_column][\/et_pb_row][\/et_pb_section]<\/p>","protected":false},"excerpt":{"rendered":"<p>Back to the catalogue| SK8 4 FUN| Animation series 8&#215;22\u2013 Colombia\u00a0 Written by Yeimy Cardozo Directed by Alfredo Guzm\u00e1n Axel (15) has a beat-up skateboard, knees and elbows covered in scabs, and an obsessive dream of becoming a pro skater. Each episode is a collision with reality: overdue homework, grumpy parents who want him in [&hellip;]<\/p>","protected":false},"author":1,"featured_media":0,"parent":0,"menu_order":0,"comment_status":"closed","ping_status":"closed","template":"","meta":{"_et_pb_use_builder":"on","_et_pb_old_content":"","_et_gb_content_width":"","footnotes":""},"class_list":["post-1097","page","type-page","status-publish","hentry"],"_hostinger_reach_plugin_has_subscription_block":false,"_hostinger_reach_plugin_is_elementor":false,"_links":{"self":[{"href":"https:\/\/yellowfactorystories.com\/es\/wp-json\/wp\/v2\/pages\/1097","targetHints":{"allow":["GET"]}}],"collection":[{"href":"https:\/\/yellowfactorystories.com\/es\/wp-json\/wp\/v2\/pages"}],"about":[{"href":"https:\/\/yellowfactorystories.com\/es\/wp-json\/wp\/v2\/types\/page"}],"author":[{"embeddable":true,"href":"https:\/\/yellowfactorystories.com\/es\/wp-json\/wp\/v2\/users\/1"}],"replies":[{"embeddable":true,"href":"https:\/\/yellowfactorystories.com\/es\/wp-json\/wp\/v2\/comments?post=1097"}],"version-history":[{"count":5,"href":"https:\/\/yellowfactorystories.com\/es\/wp-json\/wp\/v2\/pages\/1097\/revisions"}],"predecessor-version":[{"id":1107,"href":"https:\/\/yellowfactorystories.com\/es\/wp-json\/wp\/v2\/pages\/1097\/revisions\/1107"}],"wp:attachment":[{"href":"https:\/\/yellowfactorystories.com\/es\/wp-json\/wp\/v2\/media?parent=1097"}],"curies":[{"name":"wp","href":"https:\/\/api.w.org\/{rel}","templated":true}]}}