{"id":1265,"date":"2026-04-24T00:24:17","date_gmt":"2026-04-24T00:24:17","guid":{"rendered":"https:\/\/yellowfactorystories.com\/?page_id=1265"},"modified":"2026-04-24T00:24:17","modified_gmt":"2026-04-24T00:24:17","slug":"jessica-y-el-mar-2","status":"publish","type":"page","link":"https:\/\/yellowfactorystories.com\/es\/jessica-y-el-mar-2\/","title":{"rendered":"Jessica y el Mar"},"content":{"rendered":"<p>[et_pb_section fb_built=&#8221;1&#8243; _builder_version=&#8221;4.27.4&#8243; background_color=&#8221;RGBA(255,255,255,0)&#8221; use_background_color_gradient=&#8221;on&#8221; background_color_gradient_direction=&#8221;1deg&#8221; background_color_gradient_stops=&#8221;#000000 0%|rgba(255,255,255,0) 46%&#8221; background_color_gradient_overlays_image=&#8221;on&#8221; background_image=&#8221;https:\/\/yellowfactorystories.com\/wp-content\/uploads\/2026\/04\/baleines-ocean-pacifique-scaled.jpg&#8221; min_height=&#8221;532px&#8221; custom_padding=&#8221;44px||362px|||&#8221; hover_enabled=&#8221;0&#8243; global_colors_info=&#8221;{}&#8221; title_text=&#8221;baleines-ocean-pacifique&#8221; sticky_enabled=&#8221;0&#8243;][et_pb_row column_structure=&#8221;1_2,1_2&#8243; _builder_version=&#8221;4.27.4&#8243; _module_preset=&#8221;default&#8221; global_colors_info=&#8221;{}&#8221;][et_pb_column type=&#8221;1_2&#8243; _builder_version=&#8221;4.27.4&#8243; _module_preset=&#8221;default&#8221; global_colors_info=&#8221;{}&#8221;][et_pb_button button_url=&#8221;@ET-DC@eyJkeW5hbWljIjp0cnVlLCJjb250ZW50IjoicG9zdF9saW5rX3VybF9wYWdlIiwic2V0dGluZ3MiOnsicG9zdF9pZCI6IjE4In19@&#8221; button_text=&#8221;\u2b60&#8221; _builder_version=&#8221;4.27.4&#8243; _dynamic_attributes=&#8221;button_url&#8221; _module_preset=&#8221;default&#8221; custom_padding=&#8221;|18px|6px|||&#8221; global_colors_info=&#8221;{}&#8221;][\/et_pb_button][\/et_pb_column][et_pb_column type=&#8221;1_2&#8243; _builder_version=&#8221;4.27.4&#8243; _module_preset=&#8221;default&#8221; global_colors_info=&#8221;{}&#8221;][et_pb_text _builder_version=&#8221;4.27.4&#8243; _module_preset=&#8221;default&#8221; text_text_color=&#8221;#ffda2a&#8221; header_font=&#8221;Lato||||||||&#8221; header_text_color=&#8221;#f2c029&#8243; custom_margin=&#8221;|||-503px||&#8221; custom_padding=&#8221;12px||21px|14px||&#8221; global_colors_info=&#8221;{}&#8221;]<\/p>\n<p><span style=\"font-size: large;\">Regresa al cat\u00e1logo<\/span><\/p>\n<p>[\/et_pb_text][\/et_pb_column][\/et_pb_row][\/et_pb_section][et_pb_section fb_built=&#8221;1&#8243; _builder_version=&#8221;4.27.4&#8243; _module_preset=&#8221;default&#8221; background_color=&#8221;#000000&#8243; custom_padding=&#8221;||13px|||&#8221; global_colors_info=&#8221;{}&#8221;][et_pb_row column_structure=&#8221;1_3,1_3,1_3&#8243; _builder_version=&#8221;4.27.4&#8243; _module_preset=&#8221;default&#8221; custom_margin=&#8221;-151px|auto||auto||&#8221; animation_style=&#8221;slide&#8221; animation_direction=&#8221;bottom&#8221; animation_duration=&#8221;1200ms&#8221; global_colors_info=&#8221;{}&#8221;][et_pb_column type=&#8221;1_3&#8243; _builder_version=&#8221;4.27.4&#8243; _module_preset=&#8221;default&#8221; global_colors_info=&#8221;{}&#8221;][et_pb_image src=&#8221;https:\/\/yellowfactorystories.com\/wp-content\/uploads\/2025\/07\/Jessica-y-el-Mar_poster-scaled.jpg&#8221; title_text=&#8221;Jessica y el Mar_poster&#8221; _builder_version=&#8221;4.27.4&#8243; _module_preset=&#8221;default&#8221; animation_direction=&#8221;bottom&#8221; hover_enabled=&#8221;0&#8243; global_colors_info=&#8221;{}&#8221; sticky_enabled=&#8221;0&#8243;][\/et_pb_image][\/et_pb_column][et_pb_column type=&#8221;1_3&#8243; _builder_version=&#8221;4.27.4&#8243; _module_preset=&#8221;default&#8221; global_colors_info=&#8221;{}&#8221;][et_pb_text _builder_version=&#8221;4.27.4&#8243; _module_preset=&#8221;default&#8221; text_font=&#8221;Agrandir heavy|800|||||||&#8221; text_text_color=&#8221;#ffda2a&#8221; text_font_size=&#8221;24px&#8221; custom_margin=&#8221;3px|||||&#8221; hover_enabled=&#8221;0&#8243; global_colors_info=&#8221;{}&#8221; sticky_enabled=&#8221;0&#8243;]<\/p>\n<p>| JESSICA Y EL MAR |<\/p>\n<p>[\/et_pb_text][et_pb_text _builder_version=&#8221;4.27.4&#8243; _module_preset=&#8221;default&#8221; text_font=&#8221;Lato|700|||||||&#8221; text_text_color=&#8221;#FFFFFF&#8221; text_font_size=&#8221;17px&#8221; header_font=&#8221;Lato|700|||||||&#8221; header_text_color=&#8221;#FFFFFF&#8221; header_font_size=&#8221;49px&#8221; custom_margin=&#8221;||9px|||&#8221; inline_fonts=&#8221;Lato&#8221; global_colors_info=&#8221;{}&#8221;]<\/p>\n<p><span style=\"font-size: large;\"><strong>BY JUAN BILIS<\/strong><\/span><\/p>\n<p>[\/et_pb_text][et_pb_text _builder_version=&#8221;4.27.4&#8243; _module_preset=&#8221;default&#8221; header_font=&#8221;Lato||on||||||&#8221; header_text_color=&#8221;#FFFFFF&#8221; hover_enabled=&#8221;0&#8243; global_colors_info=&#8221;{}&#8221; sticky_enabled=&#8221;0&#8243;]<\/p>\n<p><span style=\"color: #ffffff;\"><em>Animation movie\u00a0<\/em><\/span><\/p>\n<p>[\/et_pb_text][et_pb_text _builder_version=&#8221;4.27.4&#8243; _module_preset=&#8221;default&#8221; text_text_color=&#8221;#FFFFFF&#8221; header_font=&#8221;Lato||||||||&#8221; header_text_align=&#8221;justify&#8221; header_font_size=&#8221;18px&#8221; header_line_height=&#8221;1.3em&#8221; text_orientation=&#8221;justified&#8221; custom_margin=&#8221;-10px|-62px||||&#8221; hover_enabled=&#8221;0&#8243; global_colors_info=&#8221;{}&#8221; sticky_enabled=&#8221;0&#8243; custom_padding=&#8221;|0px||||&#8221;]<\/p>\n<p class=\"has-text-align-left\" style=\"text-align: justify;\"><span>Jessica tiene nueve a\u00f1os, vive en un pueblo costero y sue\u00f1a con aprender a nadar. La ma\u00f1ana en que su padre se lo promete, unos hombres con cascos se lo llevan. Desde entonces, Jessica emprende una b\u00fasqueda incesante: con preguntas, con imaginaci\u00f3n y finalmente, con un salto literal al mar. Mientras los adultos callan, ella enfrenta un sistema que estigmatiza y borra. La escuela se vuelve un espacio hostil, su madre se pierde en el dolor, y su oso de peluche se convierte en gu\u00eda. Inspirada por las desapariciones forzadas, Jessica y el mar es una historia sobre la resiliencia infantil, el poder del amor y el derecho a la verdad. A trav\u00e9s de su mirada, el film recorre los caminos del duelo, donde lo simb\u00f3lico se entrelaza con lo real en una b\u00fasqueda de\njusticia y memoria.<\/span><\/p>\n<p>[\/et_pb_text][\/et_pb_column][et_pb_column type=&#8221;1_3&#8243; _builder_version=&#8221;4.27.4&#8243; _module_preset=&#8221;default&#8221; global_colors_info=&#8221;{}&#8221;][et_pb_text _builder_version=&#8221;4.27.4&#8243; _module_preset=&#8221;default&#8221; text_font=&#8221;Lato||||||||&#8221; text_text_color=&#8221;#ffda2a&#8221; text_font_size=&#8221;23px&#8221; custom_margin=&#8221;138px||9px|21px||&#8221; hover_enabled=&#8221;0&#8243; global_colors_info=&#8221;{}&#8221; sticky_enabled=&#8221;0&#8243; custom_padding=&#8221;|||62px||&#8221;]<\/p>\n<p><strong>EN DESAROLLO<\/strong><\/p>\n<p>[\/et_pb_text][\/et_pb_column][\/et_pb_row][\/et_pb_section]<\/p>","protected":false},"excerpt":{"rendered":"<p>Back to the catalogue| JESSICA Y EL MAR |BY JUAN BILISAnimation movie\u00a0Jessica is nine years old, lives in a coastal town, and dreams of learning to swim. On the morning her father promises to teach her, men wearing helmets take him away. Since then, Jessica embarks on an unrelenting search: with questions, imagination, and finally, [&hellip;]<\/p>","protected":false},"author":1,"featured_media":0,"parent":0,"menu_order":0,"comment_status":"closed","ping_status":"closed","template":"","meta":{"_et_pb_use_builder":"on","_et_pb_old_content":"<!-- wp:group {\"layout\":{\"type\":\"constrained\"}} -->\n<div class=\"wp-block-group\"><!-- wp:columns -->\n<div class=\"wp-block-columns\"><!-- wp:column -->\n<div class=\"wp-block-column\"><!-- wp:columns -->\n<div class=\"wp-block-columns\"><!-- wp:column -->\n<div class=\"wp-block-column\"><!-- wp:image {\"lightbox\":{\"enabled\":false},\"id\":230,\"width\":\"397px\",\"height\":\"auto\",\"sizeSlug\":\"large\",\"linkDestination\":\"custom\"} -->\n<figure class=\"wp-block-image size-large is-resized\"><a href=\"https:\/\/www.imdb.com\/title\/tt30801313\/?ref_=ext_shr_lnk\"><img src=\"http:\/\/yellowfactorystories.com\/wp-content\/uploads\/2024\/10\/Page-3-2-717x1024.jpg\" alt=\"\" class=\"wp-image-230\" style=\"width:397px;height:auto\"\/><\/a><\/figure>\n<!-- \/wp:image --><\/div>\n<!-- \/wp:column -->\n\n<!-- wp:column -->\n<div class=\"wp-block-column\"><!-- wp:paragraph -->\n<p><strong>FAREWELL SONG <\/strong><\/p>\n<!-- \/wp:paragraph -->\n\n<!-- wp:paragraph -->\n<p><em>Short Film - Colombia 2024<\/em><\/p>\n<!-- \/wp:paragraph -->\n\n<!-- wp:paragraph -->\n<p>Directed by Mauricio Molina<\/p>\n<!-- \/wp:paragraph -->\n\n<!-- wp:paragraph {\"align\":\"left\"} -->\n<p class=\"has-text-align-left\">After the loss of his girlfriend Vika, Antonio discovers that he has the power to bring her back with just one song. He decided to keep her by his side, he will do everything possible to keep her close. However, when she realizes that she has returned as a ghost, Antonio is forced to come to terms with his pain and accept the reality of letting her go.<\/p>\n<!-- \/wp:paragraph -->\n\n<!-- wp:paragraph -->\n<p><\/p>\n<!-- \/wp:paragraph -->\n\n<!-- wp:paragraph -->\n<p><strong>Starring with<\/strong> <\/p>\n<!-- \/wp:paragraph -->\n\n<!-- wp:paragraph -->\n<p>Antonio Giraldo as Antonio<\/p>\n<!-- \/wp:paragraph -->\n\n<!-- wp:paragraph -->\n<p>Daria Grishanova as Vika <\/p>\n<!-- \/wp:paragraph -->\n\n<!-- wp:paragraph -->\n<p>Diego Garcia as Juancho<\/p>\n<!-- \/wp:paragraph -->\n\n<!-- wp:paragraph -->\n<p><\/p>\n<!-- \/wp:paragraph -->\n\n<!-- wp:buttons {\"layout\":{\"type\":\"flex\"}} -->\n<div class=\"wp-block-buttons\"><!-- wp:button {\"className\":\"is-style-outline\"} -->\n<div class=\"wp-block-button is-style-outline\"><a class=\"wp-block-button__link wp-element-button\">TRAILER <\/a><\/div>\n<!-- \/wp:button --><\/div>\n<!-- \/wp:buttons --><\/div>\n<!-- \/wp:column --><\/div>\n<!-- \/wp:columns -->\n\n<!-- wp:columns -->\n<div class=\"wp-block-columns\"><!-- wp:column {\"width\":\"66.66%\"} -->\n<div class=\"wp-block-column\" style=\"flex-basis:66.66%\"><!-- wp:image {\"id\":231,\"sizeSlug\":\"large\",\"linkDestination\":\"none\"} -->\n<figure class=\"wp-block-image size-large\"><img src=\"http:\/\/yellowfactorystories.com\/wp-content\/uploads\/2024\/10\/DSC8948-1024x683.jpg\" alt=\"\" class=\"wp-image-231\"\/><\/figure>\n<!-- \/wp:image --><\/div>\n<!-- \/wp:column -->\n\n<!-- wp:column -->\n<div class=\"wp-block-column\"><!-- wp:image {\"id\":232,\"sizeSlug\":\"large\",\"linkDestination\":\"none\"} -->\n<figure class=\"wp-block-image size-large\"><img src=\"http:\/\/yellowfactorystories.com\/wp-content\/uploads\/2024\/10\/DSC8734-683x1024.jpg\" alt=\"\" class=\"wp-image-232\"\/><\/figure>\n<!-- \/wp:image --><\/div>\n<!-- \/wp:column --><\/div>\n<!-- \/wp:columns --><\/div>\n<!-- \/wp:column --><\/div>\n<!-- \/wp:columns --><\/div>\n<!-- \/wp:group -->\n\n<!-- wp:columns -->\n<div class=\"wp-block-columns\"><!-- wp:column {\"width\":\"33.33%\"} -->\n<div class=\"wp-block-column\" style=\"flex-basis:33.33%\"><!-- wp:image {\"id\":237,\"sizeSlug\":\"large\",\"linkDestination\":\"none\"} -->\n<figure class=\"wp-block-image size-large\"><img src=\"http:\/\/yellowfactorystories.com\/wp-content\/uploads\/2024\/10\/MV5BZmExYzcxMDItYWZhOS00NDA1LWI5YjAtOTUzZWIxYTc3ZGNkXkEyXkFqcGc@._V1_-1-1024x683.jpg\" alt=\"\" class=\"wp-image-237\"\/><\/figure>\n<!-- \/wp:image -->\n\n<!-- wp:image {\"id\":239,\"width\":\"265px\",\"height\":\"auto\",\"sizeSlug\":\"large\",\"linkDestination\":\"none\"} -->\n<figure class=\"wp-block-image size-large is-resized\"><img src=\"http:\/\/yellowfactorystories.com\/wp-content\/uploads\/2024\/10\/Screenshot-2024-10-15-alle-13.02.36-1024x555.png\" alt=\"\" class=\"wp-image-239\" style=\"width:265px;height:auto\"\/><\/figure>\n<!-- \/wp:image --><\/div>\n<!-- \/wp:column -->\n\n<!-- wp:column {\"width\":\"66.66%\"} -->\n<div class=\"wp-block-column\" style=\"flex-basis:66.66%\"><!-- wp:image {\"id\":238,\"sizeSlug\":\"large\",\"linkDestination\":\"none\"} -->\n<figure class=\"wp-block-image size-large\"><img src=\"http:\/\/yellowfactorystories.com\/wp-content\/uploads\/2024\/10\/MV5BOTQxNGVjMTMtZDM2Yy00NTY1LTkwODYtZWRkMGNkN2JlMDIwXkEyXkFqcGc@._V1_-1-1024x683.jpg\" alt=\"\" class=\"wp-image-238\"\/><\/figure>\n<!-- \/wp:image --><\/div>\n<!-- \/wp:column --><\/div>\n<!-- \/wp:columns -->","_et_gb_content_width":"","footnotes":""},"class_list":["post-1265","page","type-page","status-publish","hentry"],"_hostinger_reach_plugin_has_subscription_block":false,"_hostinger_reach_plugin_is_elementor":false,"_links":{"self":[{"href":"https:\/\/yellowfactorystories.com\/es\/wp-json\/wp\/v2\/pages\/1265","targetHints":{"allow":["GET"]}}],"collection":[{"href":"https:\/\/yellowfactorystories.com\/es\/wp-json\/wp\/v2\/pages"}],"about":[{"href":"https:\/\/yellowfactorystories.com\/es\/wp-json\/wp\/v2\/types\/page"}],"author":[{"embeddable":true,"href":"https:\/\/yellowfactorystories.com\/es\/wp-json\/wp\/v2\/users\/1"}],"replies":[{"embeddable":true,"href":"https:\/\/yellowfactorystories.com\/es\/wp-json\/wp\/v2\/comments?post=1265"}],"version-history":[{"count":5,"href":"https:\/\/yellowfactorystories.com\/es\/wp-json\/wp\/v2\/pages\/1265\/revisions"}],"predecessor-version":[{"id":1275,"href":"https:\/\/yellowfactorystories.com\/es\/wp-json\/wp\/v2\/pages\/1265\/revisions\/1275"}],"wp:attachment":[{"href":"https:\/\/yellowfactorystories.com\/es\/wp-json\/wp\/v2\/media?parent=1265"}],"curies":[{"name":"wp","href":"https:\/\/api.w.org\/{rel}","templated":true}]}}