{"id":556,"date":"2025-07-17T13:41:16","date_gmt":"2025-07-17T13:41:16","guid":{"rendered":"https:\/\/yellowfactorystories.com\/?page_id=556"},"modified":"2026-04-04T20:00:36","modified_gmt":"2026-04-04T20:00:36","slug":"about","status":"publish","type":"page","link":"https:\/\/yellowfactorystories.com\/es\/about\/","title":{"rendered":"Nosotros"},"content":{"rendered":"<p>[et_pb_section fb_built=&#8221;1&#8243; _builder_version=&#8221;4.27.2&#8243; _module_preset=&#8221;default&#8221; background_image=&#8221;http:\/\/yellowfactorystories.com\/wp-content\/uploads\/2025\/08\/DSC8109-scaled.jpg&#8221; custom_padding=&#8221;||234px|||&#8221; global_colors_info=&#8221;{}&#8221;][\/et_pb_section][et_pb_section fb_built=&#8221;1&#8243; admin_label=&#8221;Section&#8221; _builder_version=&#8221;4.27.2&#8243; _module_preset=&#8221;default&#8221; background_color=&#8221;#000000&#8243; custom_padding=&#8221;114px||160px|||&#8221; global_colors_info=&#8221;{}&#8221;][et_pb_row admin_label=&#8221;Row&#8221; _builder_version=&#8221;4.27.2&#8243; _module_preset=&#8221;default&#8221; global_colors_info=&#8221;{}&#8221;][et_pb_column type=&#8221;4_4&#8243; _builder_version=&#8221;4.27.2&#8243; _module_preset=&#8221;default&#8221; global_colors_info=&#8221;{}&#8221;][et_pb_text _builder_version=&#8221;4.27.2&#8243; _module_preset=&#8221;default&#8221; text_font=&#8221;Agrandir light||||||||&#8221; text_text_color=&#8221;#FFFFFF&#8221; header_font=&#8221;Agrandir heavy||||||||&#8221; header_text_align=&#8221;center&#8221; custom_margin=&#8221;-75px||-25px|||&#8221; custom_padding=&#8221;0px|61px|0px|61px||&#8221; locked=&#8221;off&#8221; inline_fonts=&#8221;Agrandir heavy,Agrandir light,Lato,Lemon sun&#8221; global_colors_info=&#8221;{}&#8221;]<\/p>\n<h2 style=\"text-align: center;\"><span style=\"font-family: Lato; font-weight: normal; font-size: x-large; color: #ffda2a;\"><strong>Hola, te damos la bienvenida a la f\u00e1brica amarilla<\/strong><\/span><\/h2>\n<h2 style=\"text-align: center;\"><em><span style=\"font-size: large; color: #ffffff; font-family: Lato; font-weight: normal;\">Somos una f\u00e1brica creativa de sue\u00f1os.<\/span><\/em><\/h2>\n<p><em><span style=\"font-size: large; color: #ffffff; font-family: Lato; font-weight: normal;\"><\/span><\/em><\/p>\n<h1 style=\"text-align: center;\"><span style=\"font-family: 'Agrandir heavy'; font-weight: normal; font-size: large; color: #ffda2a;\">\u00bfQui\u00e9nes somos?<\/span><\/h1>\n<h1 style=\"text-align: center;\"><span style=\"font-family: Lato; font-weight: normal; font-size: large; color: #ffffff;\">YellowFactory es un centro creativo para la narraci\u00f3n \u00fanica, que combina las perspectivas de un joven equipo internacional. Creamos relatos frescos y aut\u00e9nticos para cine, televisi\u00f3n, teatro y publicidad, rompiendo convenciones para generar experiencias emocionales y dejar una huella duradera.<\/span><\/h1>\n<p><span style=\"font-family: Lato; font-weight: normal; font-size: large; color: #ffffff;\"><\/span><\/p>\n<h1 style=\"text-align: center;\"><span style=\"font-family: 'Agrandir heavy'; font-weight: normal; font-size: large; color: #ffda2a;\">\u00bfQu\u00e9 hacemos?<\/span><\/h1>\n<h1 style=\"text-align: center;\"><span style=\"font-family: Lato; font-weight: normal; font-size: large; color: #ffffff;\">Creamos y producimos historias entretenidas, emotivas y originales, y nos encantar\u00eda ayudarte a hacerlo realidad.<\/span><\/h1>\n<p><span style=\"font-family: Lato; font-weight: normal; font-size: large; color: #ffffff;\"><\/span><\/p>\n<h1 style=\"text-align: center;\"><span style=\"font-family: 'Agrandir heavy'; font-weight: normal; font-size: large; color: #ffda2a;\">Nuestro Objetivo<\/span><\/h1>\n<h1 style=\"text-align: center;\"><span style=\"font-family: Lato; font-weight: normal; font-size: large; color: #ffffff;\">\u00a0\u2013 Queremos ser tu equipo creativo preferido para dar vida a tus proyectos de la manera m\u00e1s efectiva.<\/span><br \/><span style=\"font-family: Lato; font-weight: normal; font-size: large;\"><span style=\"color: #ffffff;\">\u2013 Contribuir al desarrollo de las industrias creativas, sirviendo como un puente para la creaci\u00f3n de contenidos entre Italia y Colombia.<\/span><\/span><\/h1>\n<h2 style=\"text-align: center;\"><span style=\"font-size: large; color: #ffffff; font-family: Lato; font-weight: normal;\"><\/span><\/h2>\n<h2 style=\"text-align: center;\"><span style=\"font-family: Lato; font-weight: normal; font-size: large; color: #ffda2a;\"><em><strong>\u00a1Vamos a contarla!<\/strong><\/em><\/span><\/h2>\n<p style=\"text-align: center;\"><span style=\"font-family: 'Agrandir light'; font-weight: normal; font-size: large; color: #ffda2a;\"><strong>\u2014\u2014\u2014\u2014\u2014<\/strong><\/span><\/p>\n<p style=\"text-align: center;\"><em><span style=\"font-size: large; font-family: 'Agrandir light'; font-weight: normal; color: #ffffff;\"><strong><\/strong><\/span><\/em><\/p>\n<p style=\"text-align: center;\"><em><span style=\"font-size: large; font-family: 'Agrandir light'; font-weight: normal; color: #ffffff;\"><strong><\/strong><\/span><\/em><\/p>\n<p>[\/et_pb_text][\/et_pb_column][\/et_pb_row][et_pb_row admin_label=&#8221;Row&#8221; _builder_version=&#8221;4.27.2&#8243; _module_preset=&#8221;default&#8221; min_height=&#8221;68.6px&#8221; custom_padding=&#8221;||0px|||&#8221; global_colors_info=&#8221;{}&#8221;][et_pb_column type=&#8221;4_4&#8243; _builder_version=&#8221;4.27.2&#8243; _module_preset=&#8221;default&#8221; global_colors_info=&#8221;{}&#8221;][et_pb_text _builder_version=&#8221;4.27.2&#8243; _module_preset=&#8221;default&#8221; custom_margin=&#8221;||3px|||&#8221; animation_style=&#8221;slide&#8221; animation_direction=&#8221;bottom&#8221; inline_fonts=&#8221;Agrandir heavy&#8221; global_colors_info=&#8221;{}&#8221;]<\/p>\n<h1 style=\"text-align: center;\"><span style=\"font-family: 'Agrandir heavy'; font-weight: normal; font-size: xx-large; color: #f2c029;\">Equipo<\/span><\/h1>\n<p>[\/et_pb_text][\/et_pb_column][\/et_pb_row][et_pb_row column_structure=&#8221;1_4,1_4,1_4,1_4&#8243; _builder_version=&#8221;4.27.2&#8243; _module_preset=&#8221;default&#8221; global_colors_info=&#8221;{}&#8221;][et_pb_column type=&#8221;1_4&#8243; _builder_version=&#8221;4.27.2&#8243; _module_preset=&#8221;default&#8221; global_colors_info=&#8221;{}&#8221;][et_pb_image src=&#8221;http:\/\/yellowfactorystories.com\/wp-content\/uploads\/2025\/07\/Mauricio_Molina_-Director-22-Copia-scaled.jpg&#8221; title_text=&#8221;Mauricio_Molina_ Director 22 &#8211; Copia&#8221; admin_label=&#8221;Image&#8221; _builder_version=&#8221;4.27.2&#8243; _module_preset=&#8221;default&#8221; animation_style=&#8221;fade&#8221; animation_direction=&#8221;bottom&#8221; global_colors_info=&#8221;{}&#8221;][\/et_pb_image][et_pb_text _builder_version=&#8221;4.27.2&#8243; _module_preset=&#8221;default&#8221; animation_style=&#8221;slide&#8221; animation_direction=&#8221;bottom&#8221; inline_fonts=&#8221;Agrandir heavy,Agrandir light,Lemon sun,Lato&#8221; global_colors_info=&#8221;{}&#8221;]<\/p>\n<p style=\"text-align: center;\"><span style=\"font-family: 'Agrandir heavy'; font-weight: normal; color: #f2c029;\">MAURICIO MOLINA<\/span><\/p>\n<h4 style=\"text-align: center;\"><strong><span style=\"color: #ffffff; font-family: Lato; font-size: large;\">Co- Founder<\/span><\/strong><\/h4>\n<p style=\"text-align: center;\"><span style=\"font-family: Lato; font-weight: normal; color: #ffffff; font-size: large;\"><em><span class=\"OYPEnA font-feature-liga-off font-feature-clig-off font-feature-calt-off text-decoration-none text-strikethrough-none\">Ceo | Director | Int. Affairs<\/span><\/em><\/span><\/p>\n<p>[\/et_pb_text][\/et_pb_column][et_pb_column type=&#8221;1_4&#8243; _builder_version=&#8221;4.27.2&#8243; _module_preset=&#8221;default&#8221; global_colors_info=&#8221;{}&#8221;][et_pb_image src=&#8221;http:\/\/yellowfactorystories.com\/wp-content\/uploads\/2025\/07\/DSC8977-1-scaled.jpg&#8221; title_text=&#8221;_DSC8977&#8243; admin_label=&#8221;Image&#8221; _builder_version=&#8221;4.27.2&#8243; _module_preset=&#8221;default&#8221; animation_style=&#8221;fade&#8221; global_colors_info=&#8221;{}&#8221;][\/et_pb_image][et_pb_text _builder_version=&#8221;4.27.2&#8243; _module_preset=&#8221;default&#8221; animation_style=&#8221;slide&#8221; animation_direction=&#8221;bottom&#8221; inline_fonts=&#8221;Agrandir light,Agrandir heavy,Lato&#8221; global_colors_info=&#8221;{}&#8221;]<\/p>\n<p style=\"text-align: center;\"><span style=\"font-family: 'Agrandir heavy'; font-weight: normal; color: #f2c029;\">JUAN BILIS<\/span><\/p>\n<h1 style=\"text-align: center;\"><span style=\"font-family: Lato; font-weight: normal; font-size: medium;\"><strong><span style=\"color: #ffffff;\">Co-Founder<\/span><\/strong><span style=\"color: #ffffff;\"><\/span><\/span><\/h1>\n<h1 style=\"text-align: center;\"><span class=\"OYPEnA font-feature-liga-off font-feature-clig-off font-feature-calt-off text-decoration-none text-strikethrough-none\" style=\"font-family: Lato; font-weight: normal; color: #ffffff; font-size: medium;\"><em>Director | Dramaturgo<\/em><\/span><\/h1>\n<p>[\/et_pb_text][\/et_pb_column][et_pb_column type=&#8221;1_4&#8243; _builder_version=&#8221;4.27.2&#8243; _module_preset=&#8221;default&#8221; global_colors_info=&#8221;{}&#8221;][et_pb_image src=&#8221;http:\/\/yellowfactorystories.com\/wp-content\/uploads\/2025\/07\/Immagine-WhatsApp-2025-07-14-ore-16.28.21_3166c441-Copia.jpg&#8221; title_text=&#8221;Immagine WhatsApp 2025-07-14 ore 16.28.21_3166c441 &#8211; Copia&#8221; _builder_version=&#8221;4.27.2&#8243; _module_preset=&#8221;default&#8221; animation_style=&#8221;fade&#8221; global_colors_info=&#8221;{}&#8221;][\/et_pb_image][et_pb_text _builder_version=&#8221;4.27.2&#8243; _module_preset=&#8221;default&#8221; animation_style=&#8221;slide&#8221; animation_direction=&#8221;bottom&#8221; inline_fonts=&#8221;Agrandir heavy,Agrandir light,Lato&#8221; global_colors_info=&#8221;{}&#8221;]<\/p>\n<p style=\"text-align: center;\"><span style=\"font-family: 'Agrandir heavy'; color: #f2c029;\">YEIMY CARDOZO<\/span><\/p>\n<p style=\"text-align: center;\"><strong><span style=\"color: #ffffff; font-family: Lato; font-size: large;\">Co-Founder<\/span><\/strong><\/p>\n<p style=\"text-align: center;\"><span style=\"font-family: Lato; color: #ffffff; font-weight: normal; font-size: large;\"><em><span class=\"OYPEnA font-feature-liga-off font-feature-clig-off font-feature-calt-off text-decoration-none text-strikethrough-none\">Productora creativa<\/span><\/em><\/span><span class=\"OYPEnA font-feature-liga-off font-feature-clig-off font-feature-calt-off text-decoration-none text-strikethrough-none white-space-prewrap\"><\/span><\/p>\n<p>[\/et_pb_text][\/et_pb_column][et_pb_column type=&#8221;1_4&#8243; _builder_version=&#8221;4.27.2&#8243; _module_preset=&#8221;default&#8221; global_colors_info=&#8221;{}&#8221;][et_pb_image src=&#8221;http:\/\/yellowfactorystories.com\/wp-content\/uploads\/2025\/07\/BN-scaled-e1752759597385.jpg&#8221; title_text=&#8221;BN&#8221; admin_label=&#8221;Image&#8221; _builder_version=&#8221;4.27.2&#8243; _module_preset=&#8221;default&#8221; animation_style=&#8221;fade&#8221; global_colors_info=&#8221;{}&#8221;][\/et_pb_image][et_pb_text _builder_version=&#8221;4.27.2&#8243; _module_preset=&#8221;default&#8221; animation_style=&#8221;slide&#8221; animation_direction=&#8221;bottom&#8221; inline_fonts=&#8221;Agrandir light,Agrandir heavy,Lato&#8221; global_colors_info=&#8221;{}&#8221;]<\/p>\n<p style=\"text-align: center;\"><span style=\"font-family: 'Agrandir heavy'; font-weight: normal; color: #f2c029;\">CHIARA ROSSI<\/span><span style=\"font-family: 'Agrandir heavy'; font-weight: normal; color: #f2c029;\"><\/span><\/p>\n<p style=\"text-align: center;\"><strong><span style=\"font-family: Lato; color: #ffffff; font-size: large;\"><em>Directora de arte<\/em><\/span><\/strong><\/p>\n<p>[\/et_pb_text][\/et_pb_column][\/et_pb_row][\/et_pb_section]<\/p>","protected":false},"excerpt":{"rendered":"<p>Hello, welcome to Yellow Factory! We are a creative factory of dreams. Who we are? YellowFactory is a creative hub for unique storytelling, blending the prospectives of a young international team. We craft fresh, authentic narratives for cinema, tv, theater and advertising, breaking conventions for creating emotional experiences and leave a lasting impact. What we [&hellip;]<\/p>","protected":false},"author":1,"featured_media":0,"parent":0,"menu_order":0,"comment_status":"closed","ping_status":"closed","template":"","meta":{"_et_pb_use_builder":"on","_et_pb_old_content":"","_et_gb_content_width":"","footnotes":""},"class_list":["post-556","page","type-page","status-publish","hentry"],"_hostinger_reach_plugin_has_subscription_block":false,"_hostinger_reach_plugin_is_elementor":false,"_links":{"self":[{"href":"https:\/\/yellowfactorystories.com\/es\/wp-json\/wp\/v2\/pages\/556","targetHints":{"allow":["GET"]}}],"collection":[{"href":"https:\/\/yellowfactorystories.com\/es\/wp-json\/wp\/v2\/pages"}],"about":[{"href":"https:\/\/yellowfactorystories.com\/es\/wp-json\/wp\/v2\/types\/page"}],"author":[{"embeddable":true,"href":"https:\/\/yellowfactorystories.com\/es\/wp-json\/wp\/v2\/users\/1"}],"replies":[{"embeddable":true,"href":"https:\/\/yellowfactorystories.com\/es\/wp-json\/wp\/v2\/comments?post=556"}],"version-history":[{"count":27,"href":"https:\/\/yellowfactorystories.com\/es\/wp-json\/wp\/v2\/pages\/556\/revisions"}],"predecessor-version":[{"id":1166,"href":"https:\/\/yellowfactorystories.com\/es\/wp-json\/wp\/v2\/pages\/556\/revisions\/1166"}],"wp:attachment":[{"href":"https:\/\/yellowfactorystories.com\/es\/wp-json\/wp\/v2\/media?parent=556"}],"curies":[{"name":"wp","href":"https:\/\/api.w.org\/{rel}","templated":true}]}}