{"id":864,"date":"2025-08-29T17:21:15","date_gmt":"2025-08-29T17:21:15","guid":{"rendered":"https:\/\/yellowfactorystories.com\/?page_id=864"},"modified":"2026-04-25T14:36:19","modified_gmt":"2026-04-25T14:36:19","slug":"diciembre","status":"publish","type":"page","link":"https:\/\/yellowfactorystories.com\/es\/diciembre\/","title":{"rendered":"Diciembre"},"content":{"rendered":"<p>[et_pb_section fb_built=&#8221;1&#8243; _builder_version=&#8221;4.27.2&#8243; _module_preset=&#8221;default&#8221; background_color=&#8221;#000000&#8243; global_colors_info=&#8221;{}&#8221;][et_pb_row column_structure=&#8221;1_4,1_4,1_4,1_4&#8243; _builder_version=&#8221;4.27.2&#8243; _module_preset=&#8221;default&#8221; min_height=&#8221;100.3px&#8221; custom_margin=&#8221;-36px|auto||auto||&#8221; custom_padding=&#8221;0px|||||&#8221; hover_enabled=&#8221;0&#8243; locked=&#8221;off&#8221; global_colors_info=&#8221;{}&#8221; disabled_on=&#8221;on|on|off&#8221; sticky_enabled=&#8221;0&#8243;][et_pb_column type=&#8221;1_4&#8243; _builder_version=&#8221;4.27.2&#8243; _module_preset=&#8221;default&#8221; global_colors_info=&#8221;{}&#8221;][et_pb_button button_url=&#8221;@ET-DC@eyJkeW5hbWljIjp0cnVlLCJjb250ZW50IjoicG9zdF9saW5rX3VybF9wYWdlIiwic2V0dGluZ3MiOnsicG9zdF9pZCI6IjE4In19@&#8221; button_text=&#8221;\u2b60&#8221; button_alignment=&#8221;left&#8221; _builder_version=&#8221;4.27.2&#8243; _dynamic_attributes=&#8221;button_url&#8221; _module_preset=&#8221;default&#8221; custom_button=&#8221;on&#8221; custom_margin=&#8221;12px|-73px|12px|-73px|true|true&#8221; custom_padding=&#8221;3px|15px|3px|15px|true|true&#8221; global_colors_info=&#8221;{}&#8221;][\/et_pb_button][\/et_pb_column][et_pb_column type=&#8221;1_4&#8243; _builder_version=&#8221;4.27.2&#8243; _module_preset=&#8221;default&#8221; global_colors_info=&#8221;{}&#8221;][et_pb_text _builder_version=&#8221;4.27.2&#8243; _module_preset=&#8221;default&#8221; custom_margin=&#8221;21px|||-284px||&#8221; custom_padding=&#8221;2px|||||&#8221; inline_fonts=&#8221;Lato&#8221; global_colors_info=&#8221;{}&#8221;]<\/p>\n<h2><span style=\"font-family: Lato; font-weight: normal; font-size: large; color: #ffda2a;\">Regresa al cat\u00e1logo<\/span><\/h2>\n<p>[\/et_pb_text][\/et_pb_column][et_pb_column type=&#8221;1_4&#8243; _builder_version=&#8221;4.27.2&#8243; _module_preset=&#8221;default&#8221; global_colors_info=&#8221;{}&#8221;][\/et_pb_column][et_pb_column type=&#8221;1_4&#8243; _builder_version=&#8221;4.27.2&#8243; _module_preset=&#8221;default&#8221; global_colors_info=&#8221;{}&#8221;][\/et_pb_column][\/et_pb_row][et_pb_row _builder_version=&#8221;4.27.2&#8243; _module_preset=&#8221;default&#8221; hover_enabled=&#8221;0&#8243; locked=&#8221;off&#8221; global_colors_info=&#8221;{}&#8221; custom_padding=&#8221;||0px|||&#8221; sticky_enabled=&#8221;0&#8243; disabled_on=&#8221;off|off|on&#8221;][et_pb_column type=&#8221;4_4&#8243; _builder_version=&#8221;4.27.2&#8243; _module_preset=&#8221;default&#8221; hover_enabled=&#8221;0&#8243; global_colors_info=&#8221;{}&#8221; sticky_enabled=&#8221;0&#8243;][et_pb_button button_url=&#8221;@ET-DC@eyJkeW5hbWljIjp0cnVlLCJjb250ZW50IjoicG9zdF9saW5rX3VybF9wYWdlIiwic2V0dGluZ3MiOnsicG9zdF9pZCI6IjE4In19@&#8221; button_text=&#8221;\u2b60&#8221; button_alignment=&#8221;left&#8221; _builder_version=&#8221;4.27.2&#8243; _dynamic_attributes=&#8221;button_url&#8221; _module_preset=&#8221;default&#8221; custom_button=&#8221;on&#8221; custom_margin=&#8221;12px|1px|12px|1px|true|true&#8221; custom_padding=&#8221;3px|15px|3px|15px|true|true&#8221; global_colors_info=&#8221;{}&#8221;][\/et_pb_button][\/et_pb_column][\/et_pb_row][et_pb_row column_structure=&#8221;1_2,1_2&#8243; _builder_version=&#8221;4.27.2&#8243; _module_preset=&#8221;default&#8221; width=&#8221;85.1%&#8221; custom_padding=&#8221;27px||0px|||&#8221; global_colors_info=&#8221;{}&#8221;][et_pb_column type=&#8221;1_2&#8243; _builder_version=&#8221;4.27.2&#8243; _module_preset=&#8221;default&#8221; global_colors_info=&#8221;{}&#8221;][et_pb_image src=&#8221;http:\/\/yellowfactorystories.com\/wp-content\/uploads\/2025\/04\/WhatsApp-Image-2025-03-31-at-20.47.28.jpeg&#8221; title_text=&#8221;Diciembre&#8221; _builder_version=&#8221;4.27.2&#8243; _module_preset=&#8221;default&#8221; global_colors_info=&#8221;{}&#8221;][\/et_pb_image][\/et_pb_column][et_pb_column type=&#8221;1_2&#8243; _builder_version=&#8221;4.27.2&#8243; _module_preset=&#8221;default&#8221; global_colors_info=&#8221;{}&#8221;][et_pb_text _builder_version=&#8221;4.27.2&#8243; _module_preset=&#8221;default&#8221; text_font=&#8221;Agrandir light||||||||&#8221; text_text_color=&#8221;#FFFFFF&#8221; text_font_size=&#8221;25px&#8221; header_font=&#8221;Agrandir heavy||||||||&#8221; header_text_color=&#8221;#ffda2a&#8221; header_font_size=&#8221;25px&#8221; header_2_font=&#8221;Agrandir light||||||||&#8221; header_2_text_align=&#8221;justify&#8221; header_2_text_color=&#8221;#FFFFFF&#8221; header_2_font_size=&#8221;25px&#8221; header_2_letter_spacing=&#8221;1px&#8221; header_2_line_height=&#8221;1.3em&#8221; header_3_text_color=&#8221;#FFFFFF&#8221; header_3_font_size=&#8221;25px&#8221; header_4_text_color=&#8221;#FFFFFF&#8221; header_4_font_size=&#8221;25px&#8221; header_4_line_height=&#8221;1.2em&#8221; custom_padding=&#8221;36px||81px|||&#8221; inline_fonts=&#8221;Lato,Agrandir heavy&#8221; global_colors_info=&#8221;{}&#8221;]<\/p>\n<h4><span style=\"font-size: x-large; font-family: 'Agrandir heavy'; font-weight: normal; color: #ffda2a;\"><strong>| DICIEMBRE |<\/strong><\/span><\/h4>\n<h4><span style=\"font-size: large;\"><strong><\/strong><\/span><\/h4>\n<h2><span style=\"font-family: Lato; font-weight: normal; color: #ffffff; font-size: large;\"><em>Representaci\u00f3n Teatral \u2013 Colombia 2025<\/em><\/span><\/h2>\n<h2><span style=\"font-family: Lato; font-weight: normal; color: #ffffff; font-size: large;\">Escrito y dirigido por Juan Bilis<\/span><\/h2>\n<h2 style=\"text-align: justify;\"><span style=\"font-family: Lato; font-weight: normal; color: #ffffff; font-size: large;\">El 24 de diciembre, Mateo un soldado de infanter\u00eda visita a sus dos hermanas mayores, Valentina y \u00c1ngela, encontr\u00e1ndolas muy cambiadas. Las dos tienen panzas de casi 9 meses de embarazo y ahora se odian profundamente, la cena familiar se convierte en un campo de batalla, en una experiencia distinta, que entre risas y reflexiones te sacudir\u00e1n. Mateo deber\u00e1 debatirse entre las posiciones de las dos para tomar la decisi\u00f3n m\u00e1s importante de su vida.<\/span><\/h2>\n<h2><span style=\"font-family: Lato; font-weight: normal; color: #ffffff; font-size: large;\"><strong>Elenco<\/strong><\/span><\/h2>\n<h2><span style=\"font-family: Lato; font-weight: normal; color: #ffffff; font-size: large;\">\u00c1ngela Rodr\u00edguez \/ Laura \u00c1ngel Escalante<\/span><\/h2>\n<h2><span style=\"font-family: Lato; font-weight: normal; color: #ffffff; font-size: large;\">Mateo Galvis<\/span><\/h2>\n<h2><span style=\"font-family: Lato; font-weight: normal; color: #ffffff; font-size: large;\">Valentina Lozano<\/span><\/h2>\n<h2 style=\"text-align: right;\"><span style=\"color: #f2c029; font-family: 'Agrandir heavy'; font-weight: normal; font-size: large;\"><a href=\"https:\/\/youtu.be\/4QE66jMfq2Y?si=3SQ-T6c4qMlMSj2H\" style=\"color: #f2c029;\"><span style=\"font-size: xx-large;\"><strong>Trailer<\/strong><\/span><\/a><\/span><\/h2>\n<p><span><\/span><\/p>\n<p>[\/et_pb_text][\/et_pb_column][\/et_pb_row][et_pb_row column_structure=&#8221;1_3,1_3,1_3&#8243; _builder_version=&#8221;4.27.2&#8243; _module_preset=&#8221;default&#8221; width=&#8221;100%&#8221; global_colors_info=&#8221;{}&#8221;][et_pb_column type=&#8221;1_3&#8243; _builder_version=&#8221;4.27.2&#8243; _module_preset=&#8221;default&#8221; global_colors_info=&#8221;{}&#8221;][et_pb_image src=&#8221;http:\/\/yellowfactorystories.com\/wp-content\/uploads\/2025\/07\/DICIEMBRE-8-scaled.png&#8221; title_text=&#8221;DICIEMBRE 8&#8243; _builder_version=&#8221;4.27.2&#8243; _module_preset=&#8221;default&#8221; global_colors_info=&#8221;{}&#8221;][\/et_pb_image][\/et_pb_column][et_pb_column type=&#8221;1_3&#8243; _builder_version=&#8221;4.27.2&#8243; _module_preset=&#8221;default&#8221; global_colors_info=&#8221;{}&#8221;][et_pb_image src=&#8221;http:\/\/yellowfactorystories.com\/wp-content\/uploads\/2025\/07\/DICIEMBRE-6.png&#8221; title_text=&#8221;DICIEMBRE 6&#8243; _builder_version=&#8221;4.27.2&#8243; _module_preset=&#8221;default&#8221; global_colors_info=&#8221;{}&#8221;][\/et_pb_image][\/et_pb_column][et_pb_column type=&#8221;1_3&#8243; _builder_version=&#8221;4.27.2&#8243; _module_preset=&#8221;default&#8221; global_colors_info=&#8221;{}&#8221;][et_pb_image src=&#8221;http:\/\/yellowfactorystories.com\/wp-content\/uploads\/2025\/07\/DICIEMBRE-9.png&#8221; title_text=&#8221;DICIEMBRE 9&#8243; _builder_version=&#8221;4.27.2&#8243; _module_preset=&#8221;default&#8221; global_colors_info=&#8221;{}&#8221;][\/et_pb_image][\/et_pb_column][\/et_pb_row][\/et_pb_section]<\/p>","protected":false},"excerpt":{"rendered":"<p>Back to the catalogue| DICIEMBRE | Theatrical Performance \u2013 Colombia 2025 Directed by Juan Bilis On December 24th, Mateo, an infantry soldier, visits his two older sisters, Valentina and \u00c1ngela, only to find them drastically changed. Both are nearly nine months pregnant and now deeply hate each other. The family dinner turns into a battlefield, [&hellip;]<\/p>","protected":false},"author":1,"featured_media":0,"parent":0,"menu_order":0,"comment_status":"closed","ping_status":"closed","template":"","meta":{"_et_pb_use_builder":"on","_et_pb_old_content":"","_et_gb_content_width":"","footnotes":""},"class_list":["post-864","page","type-page","status-publish","hentry"],"_hostinger_reach_plugin_has_subscription_block":false,"_hostinger_reach_plugin_is_elementor":false,"_links":{"self":[{"href":"https:\/\/yellowfactorystories.com\/es\/wp-json\/wp\/v2\/pages\/864","targetHints":{"allow":["GET"]}}],"collection":[{"href":"https:\/\/yellowfactorystories.com\/es\/wp-json\/wp\/v2\/pages"}],"about":[{"href":"https:\/\/yellowfactorystories.com\/es\/wp-json\/wp\/v2\/types\/page"}],"author":[{"embeddable":true,"href":"https:\/\/yellowfactorystories.com\/es\/wp-json\/wp\/v2\/users\/1"}],"replies":[{"embeddable":true,"href":"https:\/\/yellowfactorystories.com\/es\/wp-json\/wp\/v2\/comments?post=864"}],"version-history":[{"count":3,"href":"https:\/\/yellowfactorystories.com\/es\/wp-json\/wp\/v2\/pages\/864\/revisions"}],"predecessor-version":[{"id":1035,"href":"https:\/\/yellowfactorystories.com\/es\/wp-json\/wp\/v2\/pages\/864\/revisions\/1035"}],"wp:attachment":[{"href":"https:\/\/yellowfactorystories.com\/es\/wp-json\/wp\/v2\/media?parent=864"}],"curies":[{"name":"wp","href":"https:\/\/api.w.org\/{rel}","templated":true}]}}