{"id":893,"date":"2025-08-30T08:32:49","date_gmt":"2025-08-30T08:32:49","guid":{"rendered":"https:\/\/yellowfactorystories.com\/?page_id=893"},"modified":"2025-09-02T18:52:34","modified_gmt":"2025-09-02T18:52:34","slug":"los-privilegiados","status":"publish","type":"page","link":"https:\/\/yellowfactorystories.com\/es\/los-privilegiados\/","title":{"rendered":"Los Privilegiados"},"content":{"rendered":"<p>[et_pb_section fb_built=&#8221;1&#8243; _builder_version=&#8221;4.27.2&#8243; _module_preset=&#8221;default&#8221; background_color=&#8221;#000000&#8243; global_colors_info=&#8221;{}&#8221;][et_pb_row column_structure=&#8221;1_4,1_4,1_4,1_4&#8243; disabled_on=&#8221;on|on|off&#8221; _builder_version=&#8221;4.27.2&#8243; _module_preset=&#8221;default&#8221; min_height=&#8221;100.3px&#8221; custom_margin=&#8221;-36px|auto||auto||&#8221; custom_padding=&#8221;0px|||||&#8221; locked=&#8221;off&#8221; global_colors_info=&#8221;{}&#8221;][et_pb_column type=&#8221;1_4&#8243; _builder_version=&#8221;4.27.2&#8243; _module_preset=&#8221;default&#8221; global_colors_info=&#8221;{}&#8221;][et_pb_button button_url=&#8221;@ET-DC@eyJkeW5hbWljIjp0cnVlLCJjb250ZW50IjoicG9zdF9saW5rX3VybF9wYWdlIiwic2V0dGluZ3MiOnsicG9zdF9pZCI6IjE4In19@&#8221; button_text=&#8221;\u2b60&#8221; button_alignment=&#8221;left&#8221; _builder_version=&#8221;4.27.2&#8243; _dynamic_attributes=&#8221;button_url&#8221; _module_preset=&#8221;default&#8221; custom_button=&#8221;on&#8221; custom_margin=&#8221;12px|-73px|12px|-73px|true|true&#8221; custom_padding=&#8221;3px|15px|3px|15px|true|true&#8221; global_colors_info=&#8221;{}&#8221;][\/et_pb_button][\/et_pb_column][et_pb_column type=&#8221;1_4&#8243; _builder_version=&#8221;4.27.2&#8243; _module_preset=&#8221;default&#8221; global_colors_info=&#8221;{}&#8221;][et_pb_text _builder_version=&#8221;4.27.2&#8243; _module_preset=&#8221;default&#8221; custom_margin=&#8221;21px|||-284px||&#8221; custom_padding=&#8221;2px|||||&#8221; inline_fonts=&#8221;Lato&#8221; global_colors_info=&#8221;{}&#8221;]<\/p>\n<h2><span style=\"font-family: Lato; font-weight: normal; font-size: large; color: #ffda2a;\">Regresa al cat\u00e1logo<\/span><\/h2>\n<p>[\/et_pb_text][\/et_pb_column][et_pb_column type=&#8221;1_4&#8243; _builder_version=&#8221;4.27.2&#8243; _module_preset=&#8221;default&#8221; global_colors_info=&#8221;{}&#8221;][\/et_pb_column][et_pb_column type=&#8221;1_4&#8243; _builder_version=&#8221;4.27.2&#8243; _module_preset=&#8221;default&#8221; global_colors_info=&#8221;{}&#8221;][\/et_pb_column][\/et_pb_row][et_pb_row disabled_on=&#8221;off|off|on&#8221; _builder_version=&#8221;4.27.2&#8243; _module_preset=&#8221;default&#8221; custom_padding=&#8221;||0px|||&#8221; locked=&#8221;off&#8221; global_colors_info=&#8221;{}&#8221;][et_pb_column type=&#8221;4_4&#8243; _builder_version=&#8221;4.27.2&#8243; _module_preset=&#8221;default&#8221; global_colors_info=&#8221;{}&#8221;][et_pb_button button_url=&#8221;@ET-DC@eyJkeW5hbWljIjp0cnVlLCJjb250ZW50IjoicG9zdF9saW5rX3VybF9wYWdlIiwic2V0dGluZ3MiOnsicG9zdF9pZCI6IjE4In19@&#8221; button_text=&#8221;\u2b60&#8221; button_alignment=&#8221;left&#8221; _builder_version=&#8221;4.27.2&#8243; _dynamic_attributes=&#8221;button_url&#8221; _module_preset=&#8221;default&#8221; custom_button=&#8221;on&#8221; custom_margin=&#8221;12px|1px|12px|1px|true|true&#8221; custom_padding=&#8221;3px|15px|3px|15px|true|true&#8221; global_colors_info=&#8221;{}&#8221;][\/et_pb_button][\/et_pb_column][\/et_pb_row][et_pb_row column_structure=&#8221;1_2,1_2&#8243; _builder_version=&#8221;4.27.2&#8243; _module_preset=&#8221;default&#8221; width=&#8221;85.1%&#8221; custom_padding=&#8221;27px||0px|||&#8221; global_colors_info=&#8221;{}&#8221;][et_pb_column type=&#8221;1_2&#8243; _builder_version=&#8221;4.27.2&#8243; _module_preset=&#8221;default&#8221; global_colors_info=&#8221;{}&#8221;][et_pb_image src=&#8221;http:\/\/yellowfactorystories.com\/wp-content\/uploads\/2025\/07\/Los-privilegiados_one-page.jpg&#8221; title_text=&#8221;Los privilegiados_poster&#8221; _builder_version=&#8221;4.27.2&#8243; _module_preset=&#8221;default&#8221; global_colors_info=&#8221;{}&#8221;][\/et_pb_image][\/et_pb_column][et_pb_column type=&#8221;1_2&#8243; _builder_version=&#8221;4.27.2&#8243; _module_preset=&#8221;default&#8221; global_colors_info=&#8221;{}&#8221;][et_pb_text _builder_version=&#8221;4.27.2&#8243; _module_preset=&#8221;default&#8221; text_font=&#8221;Agrandir light||||||||&#8221; text_text_color=&#8221;#FFFFFF&#8221; text_font_size=&#8221;25px&#8221; header_font=&#8221;Agrandir heavy||||||||&#8221; header_text_color=&#8221;#ffda2a&#8221; header_font_size=&#8221;25px&#8221; header_2_font=&#8221;Agrandir light||||||||&#8221; header_2_text_align=&#8221;justify&#8221; header_2_text_color=&#8221;#FFFFFF&#8221; header_2_font_size=&#8221;25px&#8221; header_2_letter_spacing=&#8221;1px&#8221; header_2_line_height=&#8221;1.3em&#8221; header_3_text_color=&#8221;#FFFFFF&#8221; header_3_font_size=&#8221;25px&#8221; header_4_text_color=&#8221;#FFFFFF&#8221; header_4_font_size=&#8221;25px&#8221; header_4_line_height=&#8221;1.2em&#8221; custom_padding=&#8221;12px||1px|||&#8221; inline_fonts=&#8221;Lato,Agrandir heavy&#8221; global_colors_info=&#8221;{}&#8221;]<\/p>\n<h4><span style=\"font-size: x-large; font-family: 'Agrandir heavy'; font-weight: normal; color: #ffda2a;\"><strong>| LOS PRIVILEGIADOS |<\/strong><\/span><\/h4>\n<h4><span style=\"font-size: large;\"><strong><\/strong><\/span><\/h4>\n<h2><span style=\"font-family: Lato; font-weight: normal; font-size: medium; color: #ffffff;\"><em>Series 8&#215;27\u2013 Colombia\u00a0<\/em><\/span><\/h2>\n<h2><span style=\"font-family: Lato; font-weight: normal; font-size: medium; color: #ffffff;\">Written and directed by Juan Bilis and Mauricio Molina<\/span><\/h2>\n<h2 data-start=\"39\" data-end=\"462\" style=\"text-align: justify;\"><span style=\"font-family: Lato; font-weight: normal; font-size: medium;\"><span style=\"color: #ffffff;\">Gael (30), un fot\u00f3grafo que trabaja en un museo, presencia a \u201cEl C\u00edrculo\u201d, un colectivo de artistas radicales que irrumpen con un happening provocador para intervenir una de las salas. Cautivado por su arte, Gael los ayuda a escapar de la polic\u00eda, les toma fotos y como recompensa, es invitado a su taller clandestino, donde se convierte en asistente y confidente del grupo, mientras busca un lugar en su pr\u00f3xima gran exposici\u00f3n. <\/span><span style=\"color: #ffffff;\">Sin embargo, Luc\u00eda, su novia, desconf\u00eda del colectivo. Obsesionado con ser aceptado, Gael invita a Luc\u00eda a la fiesta post-exposici\u00f3n donde ambos son drogados. Luc\u00eda es abusada. Al d\u00eda siguiente, desaparece por voluntad propia y Gael, se enfrenta a la hermandad t\u00f3xica del colectivo. Solo, humillado y amenazado en un acto de furia, destruye las obras del colectivo. Ahora debe decidir entre callar y formar parte del c\u00edrculo privilegiado que siempre dese\u00f3, o denunciar la verdad, arriesgando\nsu vida y su futuro.<\/span><\/span><\/h2>\n<p data-start=\"464\" data-end=\"1002\" style=\"text-align: justify;\">\n<h4 style=\"text-align: right;\"><span style=\"font-family: 'Agrandir heavy'; font-weight: normal; color: #f2c029; font-size: large;\">EN DESAROLLO<\/span><\/h4>\n<h2><\/h2>\n<p><span><\/span><\/p>\n<p>[\/et_pb_text][\/et_pb_column][\/et_pb_row][\/et_pb_section]<\/p>","protected":false},"excerpt":{"rendered":"<p>Back to the catalogue| LOS PRIVILEGIADOS | Series 8&#215;27\u2013 Colombia\u00a0 Written and directed by Juan Bilis and Mauricio Molina Gael (30), a photographer working at a museum, witnesses \u201cThe Circle,\u201d a radical artist collective, staging a provocative happening to intervene in one of the galleries. Captivated by their art, Gael helps them escape from the [&hellip;]<\/p>","protected":false},"author":1,"featured_media":0,"parent":0,"menu_order":0,"comment_status":"closed","ping_status":"closed","template":"","meta":{"_et_pb_use_builder":"on","_et_pb_old_content":"","_et_gb_content_width":"","footnotes":""},"class_list":["post-893","page","type-page","status-publish","hentry"],"_hostinger_reach_plugin_has_subscription_block":false,"_hostinger_reach_plugin_is_elementor":false,"_links":{"self":[{"href":"https:\/\/yellowfactorystories.com\/es\/wp-json\/wp\/v2\/pages\/893","targetHints":{"allow":["GET"]}}],"collection":[{"href":"https:\/\/yellowfactorystories.com\/es\/wp-json\/wp\/v2\/pages"}],"about":[{"href":"https:\/\/yellowfactorystories.com\/es\/wp-json\/wp\/v2\/types\/page"}],"author":[{"embeddable":true,"href":"https:\/\/yellowfactorystories.com\/es\/wp-json\/wp\/v2\/users\/1"}],"replies":[{"embeddable":true,"href":"https:\/\/yellowfactorystories.com\/es\/wp-json\/wp\/v2\/comments?post=893"}],"version-history":[{"count":6,"href":"https:\/\/yellowfactorystories.com\/es\/wp-json\/wp\/v2\/pages\/893\/revisions"}],"predecessor-version":[{"id":1108,"href":"https:\/\/yellowfactorystories.com\/es\/wp-json\/wp\/v2\/pages\/893\/revisions\/1108"}],"wp:attachment":[{"href":"https:\/\/yellowfactorystories.com\/es\/wp-json\/wp\/v2\/media?parent=893"}],"curies":[{"name":"wp","href":"https:\/\/api.w.org\/{rel}","templated":true}]}}